{"id":11,"date":"2024-07-15T15:19:26","date_gmt":"2024-07-15T15:19:26","guid":{"rendered":"https:\/\/a2.is\/plexarinn\/?page_id=11"},"modified":"2024-07-15T17:59:02","modified_gmt":"2024-07-15T17:59:02","slug":"tutorials","status":"publish","type":"page","link":"https:\/\/www.fervent-easley.194-164-90-105.plesk.page\/index.php\/tutorials\/","title":{"rendered":"Lei\u00f0beiningar"},"content":{"rendered":"\n<h2 class=\"wp-block-heading has-large-font-size\" id=\"inspiro-is-a-digital-product-agency-that-focuses-on-strategy-and-design\" style=\"font-style:normal;font-weight:100\"><strong>Lei\u00f0beiningar fyrir \u00fdmis t\u00e6ki m\u00e1 finna \u00ed efnisyfirlitinu \u00ed Lei\u00f0beiningar valmynd h\u00e9rna fyrir ofan.<\/strong><\/h2>\n\n\n\n<div class=\"wp-block-columns alignwide is-layout-flex wp-container-core-columns-is-layout-28f84493 wp-block-columns-is-layout-flex\">\n<div class=\"wp-block-column is-layout-flow wp-block-column-is-layout-flow\"><\/div>\n<\/div>\n","protected":false},"excerpt":{"rendered":"<p>Lei\u00f0beiningar fyrir \u00fdmis t\u00e6ki m\u00e1 finna \u00ed efnisyfirlitinu \u00ed Lei\u00f0beiningar valmynd h\u00e9rna fyrir ofan.<\/p>\n","protected":false},"author":1,"featured_media":8,"parent":0,"menu_order":0,"comment_status":"closed","ping_status":"closed","template":"","meta":{"saved_in_kubio":true,"footnotes":""},"class_list":["post-11","page","type-page","status-publish","has-post-thumbnail","hentry"],"kubio_ai_page_context":{"short_desc":"","purpose":"general"},"_links":{"self":[{"href":"https:\/\/www.fervent-easley.194-164-90-105.plesk.page\/index.php\/wp-json\/wp\/v2\/pages\/11","targetHints":{"allow":["GET"]}}],"collection":[{"href":"https:\/\/www.fervent-easley.194-164-90-105.plesk.page\/index.php\/wp-json\/wp\/v2\/pages"}],"about":[{"href":"https:\/\/www.fervent-easley.194-164-90-105.plesk.page\/index.php\/wp-json\/wp\/v2\/types\/page"}],"author":[{"embeddable":true,"href":"https:\/\/www.fervent-easley.194-164-90-105.plesk.page\/index.php\/wp-json\/wp\/v2\/users\/1"}],"replies":[{"embeddable":true,"href":"https:\/\/www.fervent-easley.194-164-90-105.plesk.page\/index.php\/wp-json\/wp\/v2\/comments?post=11"}],"version-history":[{"count":5,"href":"https:\/\/www.fervent-easley.194-164-90-105.plesk.page\/index.php\/wp-json\/wp\/v2\/pages\/11\/revisions"}],"predecessor-version":[{"id":129,"href":"https:\/\/www.fervent-easley.194-164-90-105.plesk.page\/index.php\/wp-json\/wp\/v2\/pages\/11\/revisions\/129"}],"wp:featuredmedia":[{"embeddable":true,"href":"https:\/\/www.fervent-easley.194-164-90-105.plesk.page\/index.php\/wp-json\/wp\/v2\/media\/8"}],"wp:attachment":[{"href":"https:\/\/www.fervent-easley.194-164-90-105.plesk.page\/index.php\/wp-json\/wp\/v2\/media?parent=11"}],"curies":[{"name":"wp","href":"https:\/\/api.w.org\/{rel}","templated":true}]}}